{"id":106,"date":"2014-04-21T17:24:59","date_gmt":"2014-04-21T15:24:59","guid":{"rendered":"https:\/\/dav.chouech.org\/?page_id=106"},"modified":"2020-12-04T14:19:39","modified_gmt":"2020-12-04T13:19:39","slug":"dessins-peintures","status":"publish","type":"page","link":"https:\/\/dav.chouech.org\/?page_id=106","title":{"rendered":"pr\u00e9sentation"},"content":{"rendered":"<p><a href=\"https:\/\/dav.chouech.org\/files\/2016\/05\/lapin2.jpg\" rel=\"attachment wp-att-765\"><img loading=\"lazy\" decoding=\"async\" class=\"wp-image-765 alignleft\" src=\"https:\/\/dav.chouech.org\/files\/2016\/05\/lapin2.jpg\" alt=\"lapin2\" width=\"321\" height=\"338\" \/><\/a><\/p>\n<p><strong>David<\/strong> <strong>POEY<\/strong> \u00a0 \u00a0 \u00a0 \u00a0 \u00a0 \u00a0 \u00a0 \u00a0 \u00a0 \u00a0 \u00a0 \u00a0 \u00a0 (nom de naissance PERRIN)<\/p>\n<p>n\u00e9 en 1983 \u00e0 Nancy (54). vit et travaille pr\u00e8s de Pau (64)<\/p>\n<p>dipl\u00f4m\u00e9 de l&rsquo;Ecole Sup\u00e9rieure d&rsquo;Art et de Design de Reims<\/p>\n<p><a href=\"https:\/\/www.facebook.com\/lev.davidovitch.3\">https:\/\/www.facebook.com\/lev.davidovitch.3<\/a><\/p>\n<pre>tel 06.17.98.61.69.<\/pre>\n<h3>ARTISTE PLASTICIEN, ANIMATEUR D&rsquo;ATELIER D&rsquo;ARTS PLASTIQUES, MEDIATEUR CULTUREL ARTS VISUELS<\/h3>\n<h3>interventions artistiques avec touS publics&#8230; FONDATEUR DE L&rsquo;association Fusain.<\/h3>\n<div id=\"attachment_973\" style=\"width: 594px\" class=\"wp-caption aligncenter\"><a href=\"https:\/\/dav.chouech.org\/files\/2017\/05\/14434938_1411858285502725_4571890861021361863_o.jpg\"><img loading=\"lazy\" decoding=\"async\" aria-describedby=\"caption-attachment-973\" class=\"wp-image-973 size-large\" src=\"https:\/\/dav.chouech.org\/files\/2017\/05\/14434938_1411858285502725_4571890861021361863_o-1024x768.jpg\" alt=\"\" width=\"584\" height=\"438\" srcset=\"https:\/\/dav.chouech.org\/files\/2017\/05\/14434938_1411858285502725_4571890861021361863_o-1024x768.jpg 1024w, https:\/\/dav.chouech.org\/files\/2017\/05\/14434938_1411858285502725_4571890861021361863_o-300x225.jpg 300w, https:\/\/dav.chouech.org\/files\/2017\/05\/14434938_1411858285502725_4571890861021361863_o-768x576.jpg 768w, https:\/\/dav.chouech.org\/files\/2017\/05\/14434938_1411858285502725_4571890861021361863_o-400x300.jpg 400w, https:\/\/dav.chouech.org\/files\/2017\/05\/14434938_1411858285502725_4571890861021361863_o.jpg 2048w\" sizes=\"auto, (max-width: 584px) 100vw, 584px\" \/><\/a><p id=\"caption-attachment-973\" class=\"wp-caption-text\">Ouverture d&rsquo;atelier OAA2016<\/p><\/div>\n<p><em>\u00ab\u00a0Le monde va vite, tr\u00e8s vite. On n&rsquo;en voit, \u00e0 vrai dire, pas grand chose.<\/em><\/p>\n<p><em>Orient\u00e9 dans un premier temps vers le design et le graphisme, ma pratique plastique n\u2019a pourtant r\u00e9ellement pris forme qu\u2019apr\u00e8s un dipl\u00f4me de l\u2019ESAD, lorsque, \u00e9puis\u00e9e, mon imprimante est tomb\u00e9e en panne. C\u2019est alors que mati\u00e8res, signes et couleurs ont commenc\u00e9 \u00e0 peupler ma d\u00e9marche cr\u00e9ative.<\/em><\/p>\n<p><em>Na\u00efve, engag\u00e9e ou cynique ? Figuration, abstraction, narration ?<\/em><\/p>\n<p><em>Peu m\u2019importe les cases entre peinture, illustration ou encore dessin de presse, je joue avec ce que j\u2019ai sous l\u2019oreille ou sous les yeux, avec toujours un point de d\u00e9part dans le r\u00e9el. <\/em><\/p>\n<p><em>\u00a0Je choisis ainsi de prendre des chemins de traverse qui me correspondent plus en chaleur et en humanit\u00e9, de m\u2019arr\u00eater sur les petits riens qui font tout ce monde, de les retourner et de vous les renvoyer comme autant de points d&rsquo;interrogation. <\/em><\/p>\n<p><em>\u00a0Le langage imagine et tourne en mots le monde, le lib\u00e8re et l&rsquo;enferme. Mon travail, appuy\u00e9 sur une d\u00e9marche introspective et\/ou de receuil documentaire, est un mouvant m\u00e9lange s\u00e9mantique o\u00f9 se croisent les techniques plastiques et discursives.<\/em><\/p>\n<p><em>\u00a0Les mouvements de la soci\u00e9t\u00e9 et leur incidence sur mon \u00eatre sont mes principales sources d\u2019inspiration pour un r\u00e9sultat qui a vocation \u00e0 sortir de l\u2019actualit\u00e9 pour en retenir les effets, les sentiments, pour \u00e9laborer une po\u00e9tique politique qui parfois, heureusement, semble m\u2019\u00e9chapper.<\/em><\/p>\n<p><em>\u00a0La rencontre entre les signes (textes, images, \u00e9v\u00e9nements) est pour moi primordiale, tout r\u00e9sidant ensuite dans la r\u00e9ception du spectateur, ce partenaire plein de surprise.\u00a0\u00bb<\/em><\/p>\n<p>dav 2013<\/p>\n<p><strong>expositions personnelles<\/strong><\/p>\n<p>2019 \u00ab\u00a0J&rsquo;ai envie de toi\u00a0\u00bb, galerie La Coquini\u00e8re, Bayonne (64)<\/p>\n<p>2018 \u00ab\u00a0Je suis contre tout proc\u00e9d\u00e9 qui viserait \u00e0 quoi que ce soit\u00a0\u00bb, La Grange, Bougarber (64)<\/p>\n<p>2017 \u00ab\u00a0Bureau des Affaires Courantes\u00a0\u00bb galerie Territoires Partag\u00e9s, Marseille<\/p>\n<p>2016 \u00ab\u00a0il n&rsquo;est inscrit nulle part que la vie est juste\u00a0\u00bb CubeGaleries, Cin\u00e9ma les Vari\u00e9t\u00e9s, Marseille<\/p>\n<p>\u00ab\u00a0On peut toujours compter sur ses amis\u00a0\u00bb CubeGaleries, Marseille<\/p>\n<p>2015 \u00ab\u00a0www.redonnerlesourire.gouv.fr\u00a0\u00bb Centre Culturel George Pomp It Up, Nancy<\/p>\n<p>2012 \u00ab\u00a0Extr\u00eamement v\u00f4tre\u00a0\u00bb Lyc\u00e9e Marie Curie, Marseille<\/p>\n<p>2011 \u00ab\u00a0La d\u00e9pression se d\u00e9place \u00e0 l&rsquo;Ouest\u00a0\u00bb, galerie Territoires Partag\u00e9s, Marseille<\/p>\n<p>2011 \u00ab\u00a0A la Une un temps fou toujours de saison\u00a0\u00bb, galerie la Poissonnerie, Marseille<\/p>\n<p>2010 \u00ab\u00a0Dav\u00a0\u00bb, restaurant tartine &amp; chocolat, Paris<\/p>\n<p>\u00a0<\/p>\n<p><strong>expositions collectives (s\u00e9lection)<\/strong><\/p>\n<p>2020<\/p>\n<p>L&rsquo;art est dans le pr\u00e9, Morlanne (64)<\/p>\n<p style=\"text-align: justify\">2017<\/p>\n<p style=\"text-align: justify\"><em>It&rsquo;s OK to say No<\/em>, Usine Aromasense, Traffic curators, Marseille<\/p>\n<p style=\"text-align: justify\">2016<\/p>\n<p style=\"text-align: justify\"><em>A Vendre \/ Ouvertures d&rsquo;ateliers d&rsquo;artistes<\/em>, Ch\u00e2teau de Servi\u00e8res, Marseille<\/p>\n<p style=\"text-align: justify\">2015<\/p>\n<p style=\"text-align: justify\"><em>Flatmates<\/em>, invit\u00e9 par C\u00e9cile Laffrat, Marseille<\/p>\n<p style=\"text-align: justify\"><em>Salon des peintres et sculpteurs<\/em>, parc Longchamp, Marseille<\/p>\n<p style=\"text-align: justify\"><em>Initiation Sp\u00e9l\u00e9ologie, s\u00e9ance gratuite, OAA, atelier Tapis Chouech Marseille <\/em><\/p>\n<p style=\"text-align: justify\">2014<\/p>\n<p style=\"text-align: justify\"><em>Ouvertures d&rsquo;ateliers d&rsquo;artistes<\/em>, Ch\u00e2teau de Servi\u00e8res, atelier Tapis Chouech, Marseille<\/p>\n<p style=\"text-align: justify\"><em>projet Venus<\/em>, What&rsquo;s Up, Marseille<\/p>\n<p style=\"text-align: justify\">2013<\/p>\n<p style=\"text-align: justify\"><em>Salon des peintres et sculpteurs<\/em>, parc Longchamp, Marseille<\/p>\n<p style=\"text-align: justify\">2012<\/p>\n<p style=\"text-align: justify\"><em>L&rsquo;art renouvelle la ville<\/em>, galerie du Rempart, Marseille<\/p>\n<p style=\"text-align: justify\"><em>Une collective autour des poisson rouges de Matisse<\/em>, galerie Territoires Partag\u00e9s, Marseille<\/p>\n<p style=\"text-align: justify\"><em>A Vendre \/ Ouvertures d&rsquo;ateliers d&rsquo;artistes<\/em>, Ch\u00e2teau de Servi\u00e8res, Marseille<\/p>\n<p style=\"text-align: justify\"><em>Salon des peintres et sculpteurs<\/em>, parc Longchamp, Marseille<\/p>\n<p style=\"text-align: justify\">2011<\/p>\n<p style=\"text-align: justify\"><em>Chrismas Art Fair<\/em>, galerie Hors-les-Murs, Marseille<\/p>\n<p style=\"text-align: justify\"><em>la Petite Biennale des Possibles<\/em>, Lyon<\/p>\n<p style=\"text-align: justify\">A Vendre \/ Ouvertures d&rsquo;ateliers d&rsquo;artistes, Ch\u00e2teau de Servi\u00e8res, Marseille<\/p>\n<p style=\"text-align: justify\">\u00a02010<\/p>\n<p style=\"text-align: justify\"><em>France-Russie, regards crois\u00e9s d&rsquo;artistes<\/em>, Alliance Fran\u00e7aise de Lyon<\/p>\n<p style=\"text-align: justify\">2008<\/p>\n<p style=\"text-align: justify\"><em>collective de l&rsquo;\u00e9t\u00e9<\/em>, galerie DB Prod, Lyon<\/p>\n<p style=\"text-align: justify\">2007<\/p>\n<p style=\"text-align: justify\"><em>collectif Chouech<\/em>, Biblioth\u00e8que municipale d&rsquo;Ornans<\/p>\n<p style=\"text-align: justify\"><em>collectif Chouech<\/em>, galerie L\u00e9z&rsquo;art, H\u00e9ricourt<\/p>\n<p style=\"text-align: justify\">2006<\/p>\n<p style=\"text-align: justify\"><em>Une tartine d&rsquo;art \u00e0 la cr\u00e8me de chouech<\/em>, radio Bip, Besan\u00e7on<\/p>\n<p style=\"text-align: justify\"><em>Zam City<\/em>, Espace Culturel St Exup\u00e9ry, Reims<\/p>\n<p style=\"text-align: justify\">\u00a0<\/p>\n\n\n<p>ann<\/p>\n","protected":false},"excerpt":{"rendered":"<p>David POEY \u00a0 \u00a0 \u00a0 \u00a0 \u00a0 \u00a0 \u00a0 \u00a0 \u00a0 \u00a0 \u00a0 \u00a0 \u00a0 (nom de naissance PERRIN) n\u00e9 en 1983 \u00e0 Nancy (54). vit et travaille pr\u00e8s de Pau (64) dipl\u00f4m\u00e9 de l&rsquo;Ecole Sup\u00e9rieure d&rsquo;Art et de Design &hellip; <a href=\"https:\/\/dav.chouech.org\/?page_id=106\">Continuer la lecture <span class=\"meta-nav\">&rarr;<\/span><\/a><\/p>\n","protected":false},"author":2,"featured_media":0,"parent":0,"menu_order":0,"comment_status":"closed","ping_status":"closed","template":"","meta":{"footnotes":""},"class_list":["post-106","page","type-page","status-publish","hentry"],"_links":{"self":[{"href":"https:\/\/dav.chouech.org\/index.php?rest_route=\/wp\/v2\/pages\/106","targetHints":{"allow":["GET"]}}],"collection":[{"href":"https:\/\/dav.chouech.org\/index.php?rest_route=\/wp\/v2\/pages"}],"about":[{"href":"https:\/\/dav.chouech.org\/index.php?rest_route=\/wp\/v2\/types\/page"}],"author":[{"embeddable":true,"href":"https:\/\/dav.chouech.org\/index.php?rest_route=\/wp\/v2\/users\/2"}],"replies":[{"embeddable":true,"href":"https:\/\/dav.chouech.org\/index.php?rest_route=%2Fwp%2Fv2%2Fcomments&post=106"}],"version-history":[{"count":44,"href":"https:\/\/dav.chouech.org\/index.php?rest_route=\/wp\/v2\/pages\/106\/revisions"}],"predecessor-version":[{"id":1229,"href":"https:\/\/dav.chouech.org\/index.php?rest_route=\/wp\/v2\/pages\/106\/revisions\/1229"}],"wp:attachment":[{"href":"https:\/\/dav.chouech.org\/index.php?rest_route=%2Fwp%2Fv2%2Fmedia&parent=106"}],"curies":[{"name":"wp","href":"https:\/\/api.w.org\/{rel}","templated":true}]}}